{"id":478,"date":"2021-12-10T10:34:38","date_gmt":"2021-12-10T10:34:38","guid":{"rendered":"https:\/\/munhoa-ikastola.com\/?page_id=478"},"modified":"2021-12-10T10:51:21","modified_gmt":"2021-12-10T10:51:21","slug":"mentions-legales","status":"publish","type":"page","link":"https:\/\/munhoa-ikastola.com\/fr\/mentions-legales\/","title":{"rendered":"Mentions l\u00e9gales"},"content":{"rendered":"\t\t<div data-elementor-type=\"wp-page\" data-elementor-id=\"478\" class=\"elementor elementor-478\" data-elementor-post-type=\"page\">\n\t\t\t\t\t\t<section class=\"elementor-section elementor-top-section elementor-element elementor-element-a8b9d49 elementor-section-full_width elementor-section-height-default elementor-section-height-default\" data-id=\"a8b9d49\" data-element_type=\"section\" data-e-type=\"section\">\n\t\t\t\t\t\t<div class=\"elementor-container elementor-column-gap-wider\">\n\t\t\t\t\t<div class=\"elementor-column elementor-col-100 elementor-top-column elementor-element elementor-element-8c6b4cb\" data-id=\"8c6b4cb\" data-element_type=\"column\" data-e-type=\"column\">\n\t\t\t<div class=\"elementor-widget-wrap elementor-element-populated\">\n\t\t\t\t\t\t<div class=\"elementor-element elementor-element-35148dd elementor-widget elementor-widget-image\" data-id=\"35148dd\" data-element_type=\"widget\" data-e-type=\"widget\" data-widget_type=\"image.default\">\n\t\t\t\t<div class=\"elementor-widget-container\">\n\t\t\t\t\t\t\t\t\t\t\t\t\t\t\t<img fetchpriority=\"high\" decoding=\"async\" width=\"1412\" height=\"387\" src=\"https:\/\/munhoa-ikastola.com\/wp-content\/uploads\/2021\/12\/bannera4.png\" class=\"attachment-full size-full wp-image-230\" alt=\"\" srcset=\"https:\/\/munhoa-ikastola.com\/wp-content\/uploads\/2021\/12\/bannera4.png 1412w, https:\/\/munhoa-ikastola.com\/wp-content\/uploads\/2021\/12\/bannera4-600x164.png 600w, https:\/\/munhoa-ikastola.com\/wp-content\/uploads\/2021\/12\/bannera4-300x82.png 300w, https:\/\/munhoa-ikastola.com\/wp-content\/uploads\/2021\/12\/bannera4-1024x281.png 1024w, https:\/\/munhoa-ikastola.com\/wp-content\/uploads\/2021\/12\/bannera4-768x210.png 768w\" sizes=\"(max-width: 1412px) 100vw, 1412px\" \/>\t\t\t\t\t\t\t\t\t\t\t\t\t\t\t<\/div>\n\t\t\t\t<\/div>\n\t\t\t\t<div class=\"elementor-element elementor-element-ec7bf4f elementor-widget elementor-widget-text-editor\" data-id=\"ec7bf4f\" data-element_type=\"widget\" data-e-type=\"widget\" data-widget_type=\"text-editor.default\">\n\t\t\t\t<div class=\"elementor-widget-container\">\n\t\t\t\t\t\t\t\t\tLes pr\u00e9sentes conditions g\u00e9n\u00e9rales d\u2019utilisation (ci-apr\u00e8s d\u00e9nomm\u00e9es les \u00ab CGU \u00bb) s\u2019appliquent au site Internet dont l\u2019adresse url est www.munhoa-ikastola.com (ci-apr\u00e8s d\u00e9nomm\u00e9 \u00ab le Site \u00bb). En utilisant ce Site, vous acceptez les CGU de ce Site d\u00e9finies ci \u2013 apr\u00e8s. Si vous ne souhaitez pas accepter ces CGU, nous vous demandons de ne pas utiliser ce Site. Toute visite et\/ou utilisation de ce Site doit se faire dans le respect des pr\u00e9sentes CGU.\n\u00a0OBJET DU SITE\nMunhoa Ikastola a ouvert ce Site pour l\u2019information personnelle de ses utilisateurs. Le site a \u00e9t\u00e9 \u00e9labor\u00e9 au profit de tous les internautes d\u00e9sireux de mieux conna\u00eetre Munhoa Ikastola ses activit\u00e9s, ses produits et ses services.\nMENTIONS L\u00c9GALES\n1- Editeur du Site\nCe Site est \u00e9dit\u00e9 et vous est propos\u00e9 par Munhoa Ikastola.\nInfos Site\/contenu : munho.ikastola@gmail.com\n2- Webmaster &#038; Responsable de l\u2019h\u00e9bergement\nMunhoa Ikastola\n\n3 -H\u00e9bergement du Site\nOVH\n2 rue Kellermann\n59100 Roubaix \u2013 France.\n\n4 -Informations \u2013 Cr\u00e9dits photos\nLa structure g\u00e9n\u00e9rale, ainsi que les textes, images anim\u00e9es ou non, sons, logos et tout autre \u00e9l\u00e9ment composant ce site sont la propri\u00e9t\u00e9 exclusive de l\u2019exploitant du site. Toute repr\u00e9sentation totale ou partielle de ce site, par quelque proc\u00e9d\u00e9 que ce soit, sans l\u2019autorisation expresse de l\u2019exploitant du site est interdite et constituerait une contrefa\u00e7on sanctionn\u00e9e par les articles L.335-2 et suivants du Code de la propri\u00e9t\u00e9 intellectuelle.\nPROPRI\u00c9T\u00c9 INTELLECTUELLE\nL\u2019ensemble des \u00e9l\u00e9ments graphiques, images, textes, s\u00e9quences anim\u00e9es sonores ou non, logos, marques, noms de produits, constituant et\/ou repr\u00e9sent\u00e9s sur le Site sont prot\u00e9g\u00e9s par les lois concernant la Propri\u00e9t\u00e9 Intellectuelle et sont, selon les cas, propri\u00e9t\u00e9 de Munhoa Ikastola ou propri\u00e9t\u00e9 de tiers ayant autoris\u00e9 Munhoa Ikastola \u00e0 les repr\u00e9senter sur le Site.\nL\u2019ensemble de ce Site constitue une oeuvre prot\u00e9g\u00e9e par les lois en vigueur sur la Propri\u00e9t\u00e9 Intellectuelle. Aucune reproduction et\/ou repr\u00e9sentation, partielle ou int\u00e9grale, ne pourra en \u00eatre faite sans l\u2019accord pr\u00e9alable et \u00e9crit de Munhoa Ikastola.\nLa d\u00e9nomination, le logo Munhoa Ikastola, les slogans sont, sauf indication particuli\u00e8re, des marques d\u00e9pos\u00e9es par Munhoa Ikastola.\nToute reproduction, utilisation et\/ou modification qui en serait faite sans l\u2019accord pr\u00e9alable et \u00e9crit de Munhoa Ikastola est susceptible d\u2019en constituer la contrefa\u00e7on et d\u2019\u00eatre poursuivie devant les Tribunaux comp\u00e9tents.\nTout t\u00e9l\u00e9chargement, toute reproduction, repr\u00e9sentation, adaptation, traduction, et\/ou transformation, partielles ou int\u00e9grales, ou transfert sur un autre Site ou sur quelqu\u2019autre support (papier, support num\u00e9rique, film, etc\u2026) sont strictement interdits.\nRESPONSABILIT\u00c9\n1 -Acc\u00e8s, fonctionnement et continuit\u00e9 du Site\nMunhoa Ikastola ne peut pas garantir l\u2019acc\u00e8s, le fonctionnement et la continuit\u00e9 du Site de fa\u00e7on ininterrompue et exempte de toute erreur.\nMunhoa Ikastola n\u2019est tenue que d\u2019une obligation de moyen en ce qui concerne l\u2019acc\u00e8s, le fonctionnement et la continuit\u00e9 du Site. Munhoa Ikastola ne saurait \u00eatre responsable de tous pr\u00e9judices directs ou indirects r\u00e9sultant de l\u2019utilisation du Site, et ce quelle qu\u2019en soit la cause ; notamment Munhoa Ikastola ne saurait \u00eatre responsable de l\u2019alt\u00e9ration ou de l\u2019acc\u00e8s frauduleux \u00e0 des donn\u00e9es et\/ou de la transmission accidentelle par le biais de virus.\nDe m\u00eame sa responsabilit\u00e9 ne saurait \u00eatre engag\u00e9e pour des faits dus \u00e0 un cas de force majeure, les pannes et les probl\u00e8mes d\u2019ordre technique concernant le mat\u00e9riel, les programmes et logiciels ou le r\u00e9seau Internet pouvant le cas \u00e9ch\u00e9ant entra\u00eener la suspension ou la cessation du Site.\nPar ailleurs, Munhoa Ikastola d\u00e9cline toute responsabilit\u00e9 en cas de mauvaise utilisation de l\u2019ordinateur ou d\u2019incident li\u00e9 \u00e0 l\u2019utilisation de l\u2019ordinateur lors de l\u2019utilisation du Site et plus particuli\u00e8rement, Munhoa Ikastola ne saurait \u00eatre tenue responsable de tout dommage, de quelque nature que ce soit, caus\u00e9 \u00e0 tout utilisateur, \u00e0 ses \u00e9quipements informatiques et aux donn\u00e9es qui y sont stock\u00e9es et aux cons\u00e9quences pouvant en d\u00e9couler sur son activit\u00e9 personnelle, professionnelle ou commerciale.\n2 -Contenu du Site\nMunhoa Ikastola s\u2019efforce d\u2019assurer au mieux de ses possibilit\u00e9s l\u2019exactitude et la mise \u00e0 jour des informations diffus\u00e9es sur le Site, dont elle se r\u00e9serve le droit de corriger, \u00e0 tout moment et sans pr\u00e9avis, le contenu.\nCependant, Munhoa Ikastola ne peut garantir l\u2019exactitude, la pr\u00e9cision et l\u2019exhaustivit\u00e9 des informations mises \u00e0 disposition sur le Site.\nEn cons\u00e9quence, la responsabilit\u00e9 de Munhoa Ikastola ne saurait \u00eatre engag\u00e9e :\n\u2013 pour toute impr\u00e9cision, inexactitude ou omission portant sur des informations disponibles sur le Site,\n\u2013 pour tous dommages r\u00e9sultant d\u2019une intrusion d\u2019un tiers ayant entra\u00een\u00e9 une modification des informations mises \u00e0 disposition sur le Site,\n\u2013 et plus g\u00e9n\u00e9ralement, pour tous dommages, directs ou indirects, quelles qu\u2019en soient les causes, origines, natures et cons\u00e9quences, provoqu\u00e9s \u00e0 raison de l\u2019utilisation du Site et\/ou du cr\u00e9dit accord\u00e9 \u00e0 une quelconque information provenant directement ou indirectement de ce dernier.\nUTILISATION DES DONN\u00c9ES\nCertaines informations \u00e0 caract\u00e8re personnel sont collect\u00e9es sur ce Site. Par Information \u00e0 caract\u00e8re personnel, on entend \u00bb les informations qui permettent, sous quelque forme que ce soit, directement ou non, l\u2019identification des personnes physiques auxquelles elles s\u2019appliquent \u00bb.\nLa collecte et le traitement des donn\u00e9es \u00e0 caract\u00e8re personnel de l\u2019utilisateur se font dans le respect de la loi fran\u00e7aise (loi n\u00b0 78-17 du 6 janvier 1978 modifi\u00e9e par la loi du 6 ao\u00fbt 2004) et des directives europ\u00e9ennes sur la protection des donn\u00e9es personnelles (Dir 2002\/58 12 Juillet 2002 et Directive 95\/46 du 24 Octobre 1995).\nEn vertu de la loi fran\u00e7aise, l\u2019utilisateur b\u00e9n\u00e9ficie d\u2019un droit d\u2019acc\u00e8s, de rectification ou d\u2019opposition sur les donn\u00e9es \u00e0 caract\u00e8re personnel collect\u00e9es qui le concernent.\nCes droits peuvent \u00eatre exerc\u00e9s, en choisissant la rubrique Contact du Site ou en envoyant un courrier \u00e9lectronique adress\u00e9 \u00e0 : munho.ikastola@gmail.com\nAucune information \u00e0 caract\u00e8re personnel concernant l\u2019utilisateur n\u2019est c\u00e9d\u00e9e \u00e0 des tiers ou utilis\u00e9e \u00e0 des fins non pr\u00e9vues. Elles pourront n\u00e9anmoins \u00eatre utilis\u00e9es pour des traitements \u00e0 des fins de statistiques anonymes.\nHYPERLIENS\nLe Site peut contenir des liens hypertextes allant vers d\u2019autres sites. Si l\u2019utilisateur visite l\u2019un de ces sites auxquels le pr\u00e9sent Site renvoie, Munhoa Ikastola invite l\u2019utilisateur \u00e0 prendre connaissance de sa politique, notamment en mati\u00e8re de protection des donn\u00e9es \u00e0 caract\u00e8re personnel.\nMunhoa Ikastola ne prend aucun engagement concernant tout autre site auquel les utilisateurs du Site pourraient avoir acc\u00e8s via le Site et Munhoa Ikastola ne serait en aucune fa\u00e7on \u00eatre responsable du contenu, fonctionnement et de l\u2019acc\u00e8s \u00e0 ces sites, ni des politiques ni des pratiques d\u2019autres soci\u00e9t\u00e9s.\nToute cr\u00e9ation d\u2019un lien hypertexte profond ou non vers le Site est soumise \u00e0 l\u2019approbation pr\u00e9alable de Munhoa Ikastola.\nCOOKIES\nLe Site implante deux types de cookie dans l\u2019ordinateur de l\u2019utilisateur.\n1 Cookie stockant des informations fournies par la personne concern\u00e9e\nCe cookie enregistre des informations relatives \u00e0 la navigation de l\u2019utilisateur sur le Site et stocke des informations que l\u2019utilisateur a saisi durant sa visite (nom et adresse \u00e9lectronique). Ainsi, l\u2019utilisateur n\u2019aura pas besoin, lors de sa prochaine visite de les saisir \u00e0 nouveau. Munhoa Ikastola pourra les consulter lors des prochaines visites de l\u2019utilisateur.\n2 Cookie stockant des informations relatives \u00e0 la navigation de l\u2019utilisateur\nEn outre, ce Site utilise Google Analytics, un service d\u2019analyse de site internet fourni par Google Inc. (ci-apr\u00e8s d\u00e9nomm\u00e9 \u00ab Google \u00bb). Google Analytics utilise des cookies pour aider Munhoa Ikastola \u00e0 analyser l\u2019utilisation du Site par ses utilisateurs. Les donn\u00e9es g\u00e9n\u00e9r\u00e9es par les cookies concernant l\u2019utilisation du Site par l\u2019utilisateur (y compris son adresse IP) seront transmises et stock\u00e9es par Google sur des serveurs situ\u00e9s aux Etats-Unis. Google utilisera ces informations dans le but d\u2019\u00e9valuer l\u2019utilisation du Site par l\u2019utilisateur, de compiler des rapports sur l\u2019activit\u00e9 du Site \u00e0 destination de Munhoa Ikastola et de fournir d\u2019autres services relatifs \u00e0 l\u2019activit\u00e9 du Site et \u00e0 l\u2019utilisation d\u2019Internet.\nGoogle est susceptible de communiquer ces donn\u00e9es \u00e0 des tiers en cas d\u2019obligation l\u00e9gale ou lorsque ces tiers traitent ces donn\u00e9es pour le compte de Google, y compris notamment Munhoa Ikastola, l\u2019\u00e9diteur de ce Site. Google ne recoupera pas l\u2019adresse IP de l\u2019utilisateur avec toute autre donn\u00e9e d\u00e9tenue par Google.\nEn utilisant ce Site l\u2019utilisateur consent express\u00e9ment au traitement de ses donn\u00e9es \u00e0 caract\u00e8re personnel par Google dans les conditions et pour les finalit\u00e9s d\u00e9crites ci-dessus. La dur\u00e9e de conservation de ces informations dans l\u2019ordinateur de l\u2019utilisateur est de deux semaines.\nNous informons l\u2019utilisateur qu\u2019il peut d\u00e9sactiver l\u2019utilisation de cookies en s\u00e9lectionnant les param\u00e8tres appropri\u00e9s de son navigateur. Cependant, une telle d\u00e9sactivation pourrait emp\u00eacher l\u2019utilisation de certaines fonctionnalit\u00e9s de ce Site.\nDROIT APPLICABLE\nLe pr\u00e9sent Site est soumis au droit fran\u00e7ais. L\u2019ensemble de son contenu, ses offres, ses services sont r\u00e9gis par la r\u00e9glementation fran\u00e7aise en vigueur.\nToute interpr\u00e9tation, contestation ou revendication concernant ce Site sera de la comp\u00e9tence des Tribunaux fran\u00e7ais.\nSi une disposition de ces CGU devait \u00eatre tenue pour non valide ou d\u00e9clar\u00e9e comme telle en application d\u2019une loi, d\u2019un r\u00e8glement ou \u00e0 la suite d\u2019une d\u00e9cision d\u00e9finitive d\u2019une juridiction comp\u00e9tente les autres dispositions resteront n\u00e9anmoins en vigueur.\nMODIFICATION DES CGU\nMunhoa Ikastola se r\u00e9serve le droit, \u00e0 sa seule discr\u00e9tion de changer, modifier, ajouter ou supprimer tout ou partie de ces CGU et ce quelque soit le moment.\nIl est de la responsabilit\u00e9 de l\u2019utilisateur de consulter les CGU du Site r\u00e9guli\u00e8rement.\n\t\t\t\t\t\t\t\t<\/div>\n\t\t\t\t<\/div>\n\t\t\t\t\t<\/div>\n\t\t<\/div>\n\t\t\t\t\t<\/div>\n\t\t<\/section>\n\t\t\t\t<\/div>\n\t\t","protected":false},"excerpt":{"rendered":"<p>Les pr\u00e9sentes conditions g\u00e9n\u00e9rales d\u2019utilisation (ci-apr\u00e8s d\u00e9nomm\u00e9es les \u00ab CGU \u00bb) s\u2019appliquent au site Internet dont l\u2019adresse url est www.munhoa-ikastola.com (ci-apr\u00e8s d\u00e9nomm\u00e9 \u00ab le Site \u00bb). En utilisant ce Site, vous acceptez les CGU de ce Site d\u00e9finies ci \u2013 apr\u00e8s. Si vous ne souhaitez pas accepter ces CGU, nous vous demandons de ne pas [&hellip;]<\/p>\n","protected":false},"author":1,"featured_media":0,"parent":0,"menu_order":0,"comment_status":"closed","ping_status":"closed","template":"","meta":{"_acf_changed":false,"footnotes":""},"class_list":["post-478","page","type-page","status-publish","hentry"],"acf":[],"yoast_head":"<!-- This site is optimized with the Yoast SEO plugin v27.3 - https:\/\/yoast.com\/product\/yoast-seo-wordpress\/ -->\n<title>Mentions l\u00e9gales &#8226; Munhoa<\/title>\n<meta name=\"robots\" content=\"index, follow, max-snippet:-1, max-image-preview:large, max-video-preview:-1\" \/>\n<link rel=\"canonical\" href=\"https:\/\/munhoa-ikastola.com\/fr\/mentions-legales\/\" \/>\n<meta property=\"og:locale\" content=\"fr_FR\" \/>\n<meta property=\"og:type\" content=\"article\" \/>\n<meta property=\"og:title\" content=\"Mentions l\u00e9gales &#8226; Munhoa\" \/>\n<meta property=\"og:description\" content=\"Les pr\u00e9sentes conditions g\u00e9n\u00e9rales d\u2019utilisation (ci-apr\u00e8s d\u00e9nomm\u00e9es les \u00ab CGU \u00bb) s\u2019appliquent au site Internet dont l\u2019adresse url est www.munhoa-ikastola.com (ci-apr\u00e8s d\u00e9nomm\u00e9 \u00ab le Site \u00bb). En utilisant ce Site, vous acceptez les CGU de ce Site d\u00e9finies ci \u2013 apr\u00e8s. Si vous ne souhaitez pas accepter ces CGU, nous vous demandons de ne pas [&hellip;]\" \/>\n<meta property=\"og:url\" content=\"https:\/\/munhoa-ikastola.com\/fr\/mentions-legales\/\" \/>\n<meta property=\"og:site_name\" content=\"Munhoa\" \/>\n<meta property=\"article:publisher\" content=\"https:\/\/facebook.com\/munhoa.ikastola.azkarate\" \/>\n<meta property=\"article:modified_time\" content=\"2021-12-10T10:51:21+00:00\" \/>\n<meta property=\"og:image\" content=\"https:\/\/munhoa-ikastola.com\/wp-content\/uploads\/2021\/12\/bannera4.png\" \/>\n<meta name=\"twitter:card\" content=\"summary_large_image\" \/>\n<meta name=\"twitter:label1\" content=\"Dur\u00e9e de lecture estim\u00e9e\" \/>\n\t<meta name=\"twitter:data1\" content=\"9 minutes\" \/>\n<script type=\"application\/ld+json\" class=\"yoast-schema-graph\">{\"@context\":\"https:\\\/\\\/schema.org\",\"@graph\":[{\"@type\":\"WebPage\",\"@id\":\"https:\\\/\\\/munhoa-ikastola.com\\\/fr\\\/mentions-legales\\\/\",\"url\":\"https:\\\/\\\/munhoa-ikastola.com\\\/fr\\\/mentions-legales\\\/\",\"name\":\"Mentions l\u00e9gales &#8226; Munhoa\",\"isPartOf\":{\"@id\":\"https:\\\/\\\/munhoa-ikastola.com\\\/#website\"},\"primaryImageOfPage\":{\"@id\":\"https:\\\/\\\/munhoa-ikastola.com\\\/fr\\\/mentions-legales\\\/#primaryimage\"},\"image\":{\"@id\":\"https:\\\/\\\/munhoa-ikastola.com\\\/fr\\\/mentions-legales\\\/#primaryimage\"},\"thumbnailUrl\":\"https:\\\/\\\/munhoa-ikastola.com\\\/wp-content\\\/uploads\\\/2021\\\/12\\\/bannera4.png\",\"datePublished\":\"2021-12-10T10:34:38+00:00\",\"dateModified\":\"2021-12-10T10:51:21+00:00\",\"breadcrumb\":{\"@id\":\"https:\\\/\\\/munhoa-ikastola.com\\\/fr\\\/mentions-legales\\\/#breadcrumb\"},\"inLanguage\":\"fr-FR\",\"potentialAction\":[{\"@type\":\"ReadAction\",\"target\":[\"https:\\\/\\\/munhoa-ikastola.com\\\/fr\\\/mentions-legales\\\/\"]}]},{\"@type\":\"ImageObject\",\"inLanguage\":\"fr-FR\",\"@id\":\"https:\\\/\\\/munhoa-ikastola.com\\\/fr\\\/mentions-legales\\\/#primaryimage\",\"url\":\"https:\\\/\\\/munhoa-ikastola.com\\\/wp-content\\\/uploads\\\/2021\\\/12\\\/bannera4.png\",\"contentUrl\":\"https:\\\/\\\/munhoa-ikastola.com\\\/wp-content\\\/uploads\\\/2021\\\/12\\\/bannera4.png\"},{\"@type\":\"BreadcrumbList\",\"@id\":\"https:\\\/\\\/munhoa-ikastola.com\\\/fr\\\/mentions-legales\\\/#breadcrumb\",\"itemListElement\":[{\"@type\":\"ListItem\",\"position\":1,\"name\":\"Accueil\",\"item\":\"https:\\\/\\\/munhoa-ikastola.com\\\/\"},{\"@type\":\"ListItem\",\"position\":2,\"name\":\"Mentions l\u00e9gales\"}]},{\"@type\":\"WebSite\",\"@id\":\"https:\\\/\\\/munhoa-ikastola.com\\\/#website\",\"url\":\"https:\\\/\\\/munhoa-ikastola.com\\\/\",\"name\":\"Munhoa Ikastola Azkarate\",\"description\":\"Azkarateko ikastola\",\"publisher\":{\"@id\":\"https:\\\/\\\/munhoa-ikastola.com\\\/#organization\"},\"potentialAction\":[{\"@type\":\"SearchAction\",\"target\":{\"@type\":\"EntryPoint\",\"urlTemplate\":\"https:\\\/\\\/munhoa-ikastola.com\\\/?s={search_term_string}\"},\"query-input\":{\"@type\":\"PropertyValueSpecification\",\"valueRequired\":true,\"valueName\":\"search_term_string\"}}],\"inLanguage\":\"fr-FR\"},{\"@type\":\"Organization\",\"@id\":\"https:\\\/\\\/munhoa-ikastola.com\\\/#organization\",\"name\":\"Munhoa Ikastola\",\"url\":\"https:\\\/\\\/munhoa-ikastola.com\\\/\",\"logo\":{\"@type\":\"ImageObject\",\"inLanguage\":\"fr-FR\",\"@id\":\"https:\\\/\\\/munhoa-ikastola.com\\\/#\\\/schema\\\/logo\\\/image\\\/\",\"url\":\"https:\\\/\\\/munhoa-ikastola.com\\\/wp-content\\\/uploads\\\/2024\\\/04\\\/Munhoa-logo-horizontala.svg\",\"contentUrl\":\"https:\\\/\\\/munhoa-ikastola.com\\\/wp-content\\\/uploads\\\/2024\\\/04\\\/Munhoa-logo-horizontala.svg\",\"width\":174,\"height\":83,\"caption\":\"Munhoa Ikastola\"},\"image\":{\"@id\":\"https:\\\/\\\/munhoa-ikastola.com\\\/#\\\/schema\\\/logo\\\/image\\\/\"},\"sameAs\":[\"https:\\\/\\\/facebook.com\\\/munhoa.ikastola.azkarate\",\"https:\\\/\\\/instagram.com\\\/munhoa.ikastola.azkarate\"]}]}<\/script>\n<!-- \/ Yoast SEO plugin. -->","yoast_head_json":{"title":"Mentions l\u00e9gales &#8226; Munhoa","robots":{"index":"index","follow":"follow","max-snippet":"max-snippet:-1","max-image-preview":"max-image-preview:large","max-video-preview":"max-video-preview:-1"},"canonical":"https:\/\/munhoa-ikastola.com\/fr\/mentions-legales\/","og_locale":"fr_FR","og_type":"article","og_title":"Mentions l\u00e9gales &#8226; Munhoa","og_description":"Les pr\u00e9sentes conditions g\u00e9n\u00e9rales d\u2019utilisation (ci-apr\u00e8s d\u00e9nomm\u00e9es les \u00ab CGU \u00bb) s\u2019appliquent au site Internet dont l\u2019adresse url est www.munhoa-ikastola.com (ci-apr\u00e8s d\u00e9nomm\u00e9 \u00ab le Site \u00bb). En utilisant ce Site, vous acceptez les CGU de ce Site d\u00e9finies ci \u2013 apr\u00e8s. Si vous ne souhaitez pas accepter ces CGU, nous vous demandons de ne pas [&hellip;]","og_url":"https:\/\/munhoa-ikastola.com\/fr\/mentions-legales\/","og_site_name":"Munhoa","article_publisher":"https:\/\/facebook.com\/munhoa.ikastola.azkarate","article_modified_time":"2021-12-10T10:51:21+00:00","og_image":[{"url":"https:\/\/munhoa-ikastola.com\/wp-content\/uploads\/2021\/12\/bannera4.png","type":"","width":"","height":""}],"twitter_card":"summary_large_image","twitter_misc":{"Dur\u00e9e de lecture estim\u00e9e":"9 minutes"},"schema":{"@context":"https:\/\/schema.org","@graph":[{"@type":"WebPage","@id":"https:\/\/munhoa-ikastola.com\/fr\/mentions-legales\/","url":"https:\/\/munhoa-ikastola.com\/fr\/mentions-legales\/","name":"Mentions l\u00e9gales &#8226; Munhoa","isPartOf":{"@id":"https:\/\/munhoa-ikastola.com\/#website"},"primaryImageOfPage":{"@id":"https:\/\/munhoa-ikastola.com\/fr\/mentions-legales\/#primaryimage"},"image":{"@id":"https:\/\/munhoa-ikastola.com\/fr\/mentions-legales\/#primaryimage"},"thumbnailUrl":"https:\/\/munhoa-ikastola.com\/wp-content\/uploads\/2021\/12\/bannera4.png","datePublished":"2021-12-10T10:34:38+00:00","dateModified":"2021-12-10T10:51:21+00:00","breadcrumb":{"@id":"https:\/\/munhoa-ikastola.com\/fr\/mentions-legales\/#breadcrumb"},"inLanguage":"fr-FR","potentialAction":[{"@type":"ReadAction","target":["https:\/\/munhoa-ikastola.com\/fr\/mentions-legales\/"]}]},{"@type":"ImageObject","inLanguage":"fr-FR","@id":"https:\/\/munhoa-ikastola.com\/fr\/mentions-legales\/#primaryimage","url":"https:\/\/munhoa-ikastola.com\/wp-content\/uploads\/2021\/12\/bannera4.png","contentUrl":"https:\/\/munhoa-ikastola.com\/wp-content\/uploads\/2021\/12\/bannera4.png"},{"@type":"BreadcrumbList","@id":"https:\/\/munhoa-ikastola.com\/fr\/mentions-legales\/#breadcrumb","itemListElement":[{"@type":"ListItem","position":1,"name":"Accueil","item":"https:\/\/munhoa-ikastola.com\/"},{"@type":"ListItem","position":2,"name":"Mentions l\u00e9gales"}]},{"@type":"WebSite","@id":"https:\/\/munhoa-ikastola.com\/#website","url":"https:\/\/munhoa-ikastola.com\/","name":"Munhoa Ikastola Azkarate","description":"Azkarateko ikastola","publisher":{"@id":"https:\/\/munhoa-ikastola.com\/#organization"},"potentialAction":[{"@type":"SearchAction","target":{"@type":"EntryPoint","urlTemplate":"https:\/\/munhoa-ikastola.com\/?s={search_term_string}"},"query-input":{"@type":"PropertyValueSpecification","valueRequired":true,"valueName":"search_term_string"}}],"inLanguage":"fr-FR"},{"@type":"Organization","@id":"https:\/\/munhoa-ikastola.com\/#organization","name":"Munhoa Ikastola","url":"https:\/\/munhoa-ikastola.com\/","logo":{"@type":"ImageObject","inLanguage":"fr-FR","@id":"https:\/\/munhoa-ikastola.com\/#\/schema\/logo\/image\/","url":"https:\/\/munhoa-ikastola.com\/wp-content\/uploads\/2024\/04\/Munhoa-logo-horizontala.svg","contentUrl":"https:\/\/munhoa-ikastola.com\/wp-content\/uploads\/2024\/04\/Munhoa-logo-horizontala.svg","width":174,"height":83,"caption":"Munhoa Ikastola"},"image":{"@id":"https:\/\/munhoa-ikastola.com\/#\/schema\/logo\/image\/"},"sameAs":["https:\/\/facebook.com\/munhoa.ikastola.azkarate","https:\/\/instagram.com\/munhoa.ikastola.azkarate"]}]}},"_links":{"self":[{"href":"https:\/\/munhoa-ikastola.com\/fr\/wp-json\/wp\/v2\/pages\/478","targetHints":{"allow":["GET"]}}],"collection":[{"href":"https:\/\/munhoa-ikastola.com\/fr\/wp-json\/wp\/v2\/pages"}],"about":[{"href":"https:\/\/munhoa-ikastola.com\/fr\/wp-json\/wp\/v2\/types\/page"}],"author":[{"embeddable":true,"href":"https:\/\/munhoa-ikastola.com\/fr\/wp-json\/wp\/v2\/users\/1"}],"replies":[{"embeddable":true,"href":"https:\/\/munhoa-ikastola.com\/fr\/wp-json\/wp\/v2\/comments?post=478"}],"version-history":[{"count":7,"href":"https:\/\/munhoa-ikastola.com\/fr\/wp-json\/wp\/v2\/pages\/478\/revisions"}],"predecessor-version":[{"id":486,"href":"https:\/\/munhoa-ikastola.com\/fr\/wp-json\/wp\/v2\/pages\/478\/revisions\/486"}],"wp:attachment":[{"href":"https:\/\/munhoa-ikastola.com\/fr\/wp-json\/wp\/v2\/media?parent=478"}],"curies":[{"name":"wp","href":"https:\/\/api.w.org\/{rel}","templated":true}]}}